{"id":46,"date":"2014-01-30T21:48:19","date_gmt":"2014-01-30T21:48:19","guid":{"rendered":"http:\/\/exec.actioncoachdemexico.com\/?page_id=46"},"modified":"2014-01-30T21:51:09","modified_gmt":"2014-01-30T21:51:09","slug":"la-ventaja-de-fit-4-action","status":"publish","type":"page","link":"http:\/\/exec.actioncoachdemexico.com\/?page_id=46","title":{"rendered":"La ventaja de Fit 4 Action"},"content":{"rendered":"<p><b>La ventaja de Coaching Ejecutivo con Fit 4 Action<br \/>\n<\/b><br \/>\nEl objetivo del Coaching Ejecutivo es <b><span style=\"text-decoration: underline;\">mejorar tu eficacia, el rendimiento y la capacidad de liderazgo<\/span><\/b>. El Coaching Ejecutivo tambi\u00e9n ayudad a ti y tu organizaci\u00f3n, proporcionando contenido, procesos y conocimientos espec\u00edficos, para ayudar a todos en la empresa, aprovechando sus puntos fuertes y mejorando la rentabilidad.<\/p>\n<p>En el actual entorno empresarial, el Coaching Ejecutivo ayuda a mejorar las habilidades de toma de decisiones estrat\u00e9gicas, para que puedas guiar a tu organizaci\u00f3n y a tu equipo a un mayor \u00e9xito.<\/p>\n<p>Para aumentar el impacto y la eficacia de ti mismo, acelerar el crecimiento de su empresa y poner en pr\u00e1ctica programas que se traducen en ROI excepcional, nuestro equipo de Coach Ejecutivo ActionCOACH, te guiar\u00e1 a ti, tu equipo y tu empresa hacia un \u00e9xito incre\u00edble.<\/p>\n<p>Nuestro equipo no s\u00f3lo ofrece una visi\u00f3n adicional y a\u00f1ade una nueva perspectiva, guiaremos tu productividad mediante la vinculaci\u00f3n de tu rendimiento a tus indicadores clave sobre una base diaria, semanal, mensual y trimestral.<\/p>\n","protected":false},"excerpt":{"rendered":"<p>La ventaja de Coaching Ejecutivo con Fit 4 Action El objetivo del Coaching Ejecutivo es mejorar tu eficacia, el rendimiento y la capacidad de liderazgo. El Coaching Ejecutivo tambi\u00e9n ayudad a ti y tu organizaci\u00f3n, proporcionando contenido, procesos y conocimientos espec\u00edficos, para ayudar a todos en la empresa, aprovechando sus puntos fuertes y mejorando la [&hellip;]<\/p>\n","protected":false},"author":1,"featured_media":0,"parent":0,"menu_order":0,"comment_status":"open","ping_status":"closed","template":"","meta":[],"_links":{"self":[{"href":"http:\/\/exec.actioncoachdemexico.com\/index.php?rest_route=\/wp\/v2\/pages\/46"}],"collection":[{"href":"http:\/\/exec.actioncoachdemexico.com\/index.php?rest_route=\/wp\/v2\/pages"}],"about":[{"href":"http:\/\/exec.actioncoachdemexico.com\/index.php?rest_route=\/wp\/v2\/types\/page"}],"author":[{"embeddable":true,"href":"http:\/\/exec.actioncoachdemexico.com\/index.php?rest_route=\/wp\/v2\/users\/1"}],"replies":[{"embeddable":true,"href":"http:\/\/exec.actioncoachdemexico.com\/index.php?rest_route=%2Fwp%2Fv2%2Fcomments&post=46"}],"version-history":[{"count":1,"href":"http:\/\/exec.actioncoachdemexico.com\/index.php?rest_route=\/wp\/v2\/pages\/46\/revisions"}],"predecessor-version":[{"id":47,"href":"http:\/\/exec.actioncoachdemexico.com\/index.php?rest_route=\/wp\/v2\/pages\/46\/revisions\/47"}],"wp:attachment":[{"href":"http:\/\/exec.actioncoachdemexico.com\/index.php?rest_route=%2Fwp%2Fv2%2Fmedia&parent=46"}],"curies":[{"name":"wp","href":"https:\/\/api.w.org\/{rel}","templated":true}]}}