{"id":50,"date":"2014-01-30T21:56:05","date_gmt":"2014-01-30T21:56:05","guid":{"rendered":"http:\/\/exec.actioncoachdemexico.com\/?page_id=50"},"modified":"2014-01-30T22:02:54","modified_gmt":"2014-01-30T22:02:54","slug":"nuestro-metodo-de-coaching-ejecutivo","status":"publish","type":"page","link":"http:\/\/exec.actioncoachdemexico.com\/?page_id=50","title":{"rendered":"Nuestro M\u00e9todo de Coaching Ejecutivo"},"content":{"rendered":"<p><b>Nuestro<\/b><b> <\/b><b>m\u00e9todo de<\/b><b> <\/b><b>Coaching<\/b><b><\/b><\/p>\n<p>&nbsp;<\/p>\n<p>El programa de ActionCOACH Ejecutivo sigue el proceso que se muestra. Este es un proceso probado, orientado a resultados que:<br \/>\n1. Involucra a todos los participantes \u200b\u200ben la &#8220;auditor\u00eda&#8221; inicial para determinar la posici\u00f3n actual.<br \/>\n2. Identifica los limitadores de crecimiento espec\u00edficos que existen en el negocio.<br \/>\n3. Desarrolla un an\u00e1lisis de deficiencias para determinar las metas del coaching.<br \/>\n4. Trabaja estrechamente con los participantes para determinar los objetivos de crecimiento.<br \/>\nTu Coach Ejecutivo dise\u00f1a un programa de entrenamiento personalizado, para disminuir la brecha entre las situaciones actuales y requeridas, a trav\u00e9s del programa de coaching para superar las restricciones o limitaciones del Ejecutivo, con respecto a sus objetivos de crecimiento.<\/p>\n<p><a href=\"http:\/\/exec.actioncoachdemexico.com\/wp-content\/uploads\/2014\/01\/M\u00e9todo-de-Coaching-Ejecutivo-de-ActionCOACH.png\"><img loading=\"lazy\" class=\"alignnone size-full wp-image-53\" alt=\"M\u00e9todo de Coaching Ejecutivo de ActionCOACH\" src=\"http:\/\/exec.actioncoachdemexico.com\/wp-content\/uploads\/2014\/01\/M\u00e9todo-de-Coaching-Ejecutivo-de-ActionCOACH.png\" width=\"936\" height=\"479\" srcset=\"http:\/\/exec.actioncoachdemexico.com\/wp-content\/uploads\/2014\/01\/M\u00e9todo-de-Coaching-Ejecutivo-de-ActionCOACH.png 936w, http:\/\/exec.actioncoachdemexico.com\/wp-content\/uploads\/2014\/01\/M\u00e9todo-de-Coaching-Ejecutivo-de-ActionCOACH-300x153.png 300w\" sizes=\"(max-width: 936px) 100vw, 936px\" \/><\/a><\/p>\n","protected":false},"excerpt":{"rendered":"<p>Nuestro m\u00e9todo de Coaching &nbsp; El programa de ActionCOACH Ejecutivo sigue el proceso que se muestra. Este es un proceso probado, orientado a resultados que: 1. Involucra a todos los participantes \u200b\u200ben la &#8220;auditor\u00eda&#8221; inicial para determinar la posici\u00f3n actual. 2. Identifica los limitadores de crecimiento espec\u00edficos que existen en el negocio. 3. Desarrolla un [&hellip;]<\/p>\n","protected":false},"author":1,"featured_media":0,"parent":0,"menu_order":0,"comment_status":"open","ping_status":"closed","template":"","meta":[],"_links":{"self":[{"href":"http:\/\/exec.actioncoachdemexico.com\/index.php?rest_route=\/wp\/v2\/pages\/50"}],"collection":[{"href":"http:\/\/exec.actioncoachdemexico.com\/index.php?rest_route=\/wp\/v2\/pages"}],"about":[{"href":"http:\/\/exec.actioncoachdemexico.com\/index.php?rest_route=\/wp\/v2\/types\/page"}],"author":[{"embeddable":true,"href":"http:\/\/exec.actioncoachdemexico.com\/index.php?rest_route=\/wp\/v2\/users\/1"}],"replies":[{"embeddable":true,"href":"http:\/\/exec.actioncoachdemexico.com\/index.php?rest_route=%2Fwp%2Fv2%2Fcomments&post=50"}],"version-history":[{"count":3,"href":"http:\/\/exec.actioncoachdemexico.com\/index.php?rest_route=\/wp\/v2\/pages\/50\/revisions"}],"predecessor-version":[{"id":56,"href":"http:\/\/exec.actioncoachdemexico.com\/index.php?rest_route=\/wp\/v2\/pages\/50\/revisions\/56"}],"wp:attachment":[{"href":"http:\/\/exec.actioncoachdemexico.com\/index.php?rest_route=%2Fwp%2Fv2%2Fmedia&parent=50"}],"curies":[{"name":"wp","href":"https:\/\/api.w.org\/{rel}","templated":true}]}}