{"id":60,"date":"2014-01-30T22:07:36","date_gmt":"2014-01-30T22:07:36","guid":{"rendered":"http:\/\/exec.actioncoachdemexico.com\/?page_id=60"},"modified":"2014-01-30T22:43:27","modified_gmt":"2014-01-30T22:43:27","slug":"por-que-actioncoach","status":"publish","type":"page","link":"http:\/\/exec.actioncoachdemexico.com\/?page_id=60","title":{"rendered":"\u00bfPor qu\u00e9 ActionCOACH ?"},"content":{"rendered":"<p><b>\u00bfPor qu\u00e9 ActionCOACH ?<\/b><br \/>\nNuestra raz\u00f3n de fondo &#8230;. nuestra actitud emprendedora !<br \/>\nComo expertos estrat\u00e9gicos, con m\u00e1s de 1.000 oficinas en 26 pa\u00edses , entregamos una perspectiva \u00fanica e innovadora, global y empresarial,\u00a0 para ti y tu equipo.<br \/>\nCon cientos de probadas estrategias y t\u00e1cticas, que han hecho crecer a miles de empresas en las \u00faltimas dos d\u00e9cadas , nos adaptamos perfectamente a la naturaleza de ritmo r\u00e1pido y global de tu equipo y de tu negocio y como red internacional, hemos trabajado con clientes en todos las categor\u00edas y las industrias imaginables, lo que nos permite usar equilibradamente las mejores pr\u00e1cticas , nuestro propio conocimiento y estrategias, de una forma incomparable con cualquier otra organizaci\u00f3n.<\/p>\n","protected":false},"excerpt":{"rendered":"<p>\u00bfPor qu\u00e9 ActionCOACH ? Nuestra raz\u00f3n de fondo &#8230;. nuestra actitud emprendedora ! Como expertos estrat\u00e9gicos, con m\u00e1s de 1.000 oficinas en 26 pa\u00edses , entregamos una perspectiva \u00fanica e innovadora, global y empresarial,\u00a0 para ti y tu equipo. Con cientos de probadas estrategias y t\u00e1cticas, que han hecho crecer a miles de empresas en [&hellip;]<\/p>\n","protected":false},"author":1,"featured_media":0,"parent":0,"menu_order":0,"comment_status":"open","ping_status":"closed","template":"","meta":[],"_links":{"self":[{"href":"http:\/\/exec.actioncoachdemexico.com\/index.php?rest_route=\/wp\/v2\/pages\/60"}],"collection":[{"href":"http:\/\/exec.actioncoachdemexico.com\/index.php?rest_route=\/wp\/v2\/pages"}],"about":[{"href":"http:\/\/exec.actioncoachdemexico.com\/index.php?rest_route=\/wp\/v2\/types\/page"}],"author":[{"embeddable":true,"href":"http:\/\/exec.actioncoachdemexico.com\/index.php?rest_route=\/wp\/v2\/users\/1"}],"replies":[{"embeddable":true,"href":"http:\/\/exec.actioncoachdemexico.com\/index.php?rest_route=%2Fwp%2Fv2%2Fcomments&post=60"}],"version-history":[{"count":1,"href":"http:\/\/exec.actioncoachdemexico.com\/index.php?rest_route=\/wp\/v2\/pages\/60\/revisions"}],"predecessor-version":[{"id":61,"href":"http:\/\/exec.actioncoachdemexico.com\/index.php?rest_route=\/wp\/v2\/pages\/60\/revisions\/61"}],"wp:attachment":[{"href":"http:\/\/exec.actioncoachdemexico.com\/index.php?rest_route=%2Fwp%2Fv2%2Fmedia&parent=60"}],"curies":[{"name":"wp","href":"https:\/\/api.w.org\/{rel}","templated":true}]}}