{"id":66,"date":"2014-01-30T22:11:09","date_gmt":"2014-01-30T22:11:09","guid":{"rendered":"http:\/\/exec.actioncoachdemexico.com\/?page_id=66"},"modified":"2014-01-30T22:43:50","modified_gmt":"2014-01-30T22:43:50","slug":"no-es-solo-nuestra-palabra","status":"publish","type":"page","link":"http:\/\/exec.actioncoachdemexico.com\/?page_id=66","title":{"rendered":"No es s\u00f3lo nuestra palabra&#8230;"},"content":{"rendered":"<p><b>No es s\u00f3lo nuestra palabra&#8230;<\/b><\/p>\n<p>Coaches Ejecutivos ActionCOACH han trabajado con algunas de las compa\u00f1\u00edas m\u00e1s grandes y de mayor prestigio en el mundo. Desde una l\u00ednea a\u00e9rea nacional a una empresa de telecomunicaciones internacional, nuestros programas se han adoptado y aplicado en todo el mundo.<\/p>\n<p>Algunos ejemplos de la industria y una visi\u00f3n general sobre el valor y el ROI (Retorno de la inversi\u00f3n) del Coaching Ejecutivo:<br \/>\n\u2022 Un retorno promedio de $ 7.90 por cada $ 1 invertido en su coaching ejecutivo por Booz Allen Hamilton. ( MetrixGlobal LLC estudio).<br \/>\n\u2022 Un ROI de 529 % y otros beneficios intangibles significativos para el negocio, producto del coaching, reportado por una empresa de la lista Fortune 500. (Estudio LCC MetrixGlobal ) .<br \/>\n\u2022 Un ROI promedio de casi seis veces el costo del coaching ejecutivo, reportado por 100 ejecutivos en una amplia gama de industrias. (Manchester Inc. estudio)<br \/>\n\u2022 Un aumento medio de la productividad del 86% cuando la formaci\u00f3n se combin\u00f3 con el coaching, en comparaci\u00f3n con el 22 % con la formaci\u00f3n sola. (Estudio de la Asociaci\u00f3n de Gesti\u00f3n de Personal)<br \/>\n\u2022 Un ROI promedio de 5,7 veces la inversi\u00f3n inicial o un retorno de m\u00e1s de 100.000 d\u00f3lares, notificado por los ejecutivos en el valor monetario de los resultados alcanzados a trav\u00e9s del coaching *. (2001 estudio de Manchester Inc.) .<br \/>\n\u2022 Utilizado por casi un 40 % de los ejecutivos en compa\u00f1\u00edas Fortune 500, como est\u00e1ndar de desarrollo de liderazgo para altos ejecutivos talentosos y de \u00e9lite. (Estudio de Hay Group de compa\u00f1\u00edas de Fortune 500).<\/p>\n<p>* Los encuestados eran ejecutivos de grandes empresas (mayoritariamente FORTUNE 1000), que hab\u00edan participado en alguno de los programas de coaching; &#8220;orientado al cambio&#8221;, destinado a mejorar ciertos comportamientos o habilidades, u &#8220;orientado al crecimiento&#8221;, concebido para reforzar el rendimiento del trabajo en general. Los programas duraron entre seis meses y un a\u00f1o. Alrededor del 60 % de los ejecutivos ten\u00edan entre 40 a 49, un grupo en edad de reforzamiento de carrera. La mitad de ellos con posiciones de vicepresidente o superior y una tercera parte ganaban $ 200,000 o m\u00e1s por a\u00f1o.<\/p>\n","protected":false},"excerpt":{"rendered":"<p>No es s\u00f3lo nuestra palabra&#8230; Coaches Ejecutivos ActionCOACH han trabajado con algunas de las compa\u00f1\u00edas m\u00e1s grandes y de mayor prestigio en el mundo. Desde una l\u00ednea a\u00e9rea nacional a una empresa de telecomunicaciones internacional, nuestros programas se han adoptado y aplicado en todo el mundo. Algunos ejemplos de la industria y una visi\u00f3n general [&hellip;]<\/p>\n","protected":false},"author":1,"featured_media":0,"parent":0,"menu_order":0,"comment_status":"open","ping_status":"closed","template":"","meta":[],"_links":{"self":[{"href":"http:\/\/exec.actioncoachdemexico.com\/index.php?rest_route=\/wp\/v2\/pages\/66"}],"collection":[{"href":"http:\/\/exec.actioncoachdemexico.com\/index.php?rest_route=\/wp\/v2\/pages"}],"about":[{"href":"http:\/\/exec.actioncoachdemexico.com\/index.php?rest_route=\/wp\/v2\/types\/page"}],"author":[{"embeddable":true,"href":"http:\/\/exec.actioncoachdemexico.com\/index.php?rest_route=\/wp\/v2\/users\/1"}],"replies":[{"embeddable":true,"href":"http:\/\/exec.actioncoachdemexico.com\/index.php?rest_route=%2Fwp%2Fv2%2Fcomments&post=66"}],"version-history":[{"count":1,"href":"http:\/\/exec.actioncoachdemexico.com\/index.php?rest_route=\/wp\/v2\/pages\/66\/revisions"}],"predecessor-version":[{"id":67,"href":"http:\/\/exec.actioncoachdemexico.com\/index.php?rest_route=\/wp\/v2\/pages\/66\/revisions\/67"}],"wp:attachment":[{"href":"http:\/\/exec.actioncoachdemexico.com\/index.php?rest_route=%2Fwp%2Fv2%2Fmedia&parent=66"}],"curies":[{"name":"wp","href":"https:\/\/api.w.org\/{rel}","templated":true}]}}