{"id":6,"date":"2014-01-24T15:58:33","date_gmt":"2014-01-24T15:58:33","guid":{"rendered":"http:\/\/exec.actioncoachdemexico.com\/?page_id=6"},"modified":"2014-01-30T22:42:15","modified_gmt":"2014-01-30T22:42:15","slug":"inicio","status":"publish","type":"page","link":"https:\/\/exec.actioncoachdemexico.com\/","title":{"rendered":"Inicio"},"content":{"rendered":"<div class=\"one_third\">\n<p>Nuestro programa de Coaching Ejecutivo nos permite transferir a usted lo que nos ha llevado 19 a\u00f1os para aprender y cristalizar en los\u00a0<span style=\"line-height: 1.5em;\">poderosos y sobresalientes\u00a0<\/span><span style=\"line-height: 1.5em;\">programas de desarrollo Ejecutivo \u00a0.<\/span><\/p>\n<p>Avanzar en su carrera<br \/>\n\u00bfC\u00f3mo se puede aprovechar sus habilidades actuales ,su experiencia y sus recursos en una econom\u00eda de\u00a0<span style=\"line-height: 1.5em;\">r\u00e1pidos<\/span><span style=\"line-height: 1.5em;\">\u00a0cambios como la de hoy ?<\/span><\/p>\n<p>\u00bfC\u00f3mo se puede mantener la competitividad en un mundo cada vez m\u00e1s competitivo ?<\/p>\n<p>Para avanzar en su carrera es necesario ejecutar al m\u00e1ximo de desempe\u00f1o, y es importante porque ;<\/p>\n<p>Los Ejecutivos de alto desempe\u00f1o logran m\u00e1s<br \/>\nLos Equipos de alto rendimiento ofrecen m\u00e1s<br \/>\nLas empresas de alto rendimiento generan m\u00e1s utilidades y disfrutan de m\u00e1s cuota de mercado .<br \/>\nPara aquellos que est\u00e1n dispuestos a llevar su carrera al siguiente nivel , un coach ejecutivo puede colocarte all\u00ed .<\/p>\n<p>Contacte hoy a un Coach Ejecutivo para una consulta confidencial sobre la mejora de su carrera.<\/p>\n<p>Transformar una empresa<br \/>\nSi la empresa no est\u00e1 creciendo o cambiando , \u00bfc\u00f3mo puede estar seguro de que no va hacia atr\u00e1s? Tan solo imagine lo que su empresa puede superar en el ambiente de hoy con la transformaci\u00f3n del personal y de la empresa a trav\u00e9s del Coaching Ejecutivo.<\/p>\n<p>Alto desempe\u00f1o y \u00e9xito son el resultado de decisiones , como\u00a0<span style=\"line-height: 1.5em;\">la opci\u00f3n\u00a0<\/span><span style=\"line-height: 1.5em;\">que muchos \u00a0que muchos est\u00e1n siguiendo para contratar a un coach ejecutivo personal.<\/span><\/p>\n<p>Si usted est\u00e1 listo para el &#8220;Fit 4 Action Advantage&#8221;, busque un coach para tener \u00a0lo que puede ser la\u00a0<span style=\"line-height: 1.5em;\">la conversaci\u00f3n\u00a0<\/span><span style=\"line-height: 1.5em;\">m\u00e1s proactiva de su empresa este a\u00f1o.<\/span><\/p>\n<\/div>\n<div class=\"one_third\">\nLograr resultados incre\u00edbles<br \/>\nEn los negocios, la \u00fanica cosa que realmente cuenta son los resultados . Nuestros coaches ejecutivos ofrecen resultados que proporcionan los resultados que usted necesita como un ejecutivo muy ocupado y como miembro fundamental de su organizaci\u00f3n.<\/p>\n<p>Nuestros 4 programas de &#8220;Fit 4 Action&#8221; est\u00e1n dise\u00f1ados con triunfadores como usted en mente. Triunfadores , que necesitan lograr continuamente resultados y rendir al m\u00e1ximo cada d\u00eda . En el mundo actual de negocios din\u00e1mico , de alto rendimiento tambi\u00e9n necesitan reflexi\u00f3n, apoyo y motivaci\u00f3n para permanecerse en la cima del juego.<br \/>\nEs por esto que el coaching ejecutivo se estima actualmente en una industria de $ 2000 millones de d\u00f3lares y tambi\u00e9n , sencillamente, porque funciona.<\/p>\n<p>P\u00f3ngase en contacto con nuestro\u00a0<span style=\"line-height: 1.5em;\">Director de firma<\/span><span style=\"line-height: 1.5em;\">\u00a0<\/span><span style=\"line-height: 1.5em;\">Coach Ejecutivo ahora para discutir c\u00f3mo nuestra red global de Coaches Ejecutivos puede trabajar con usted y su organizaci\u00f3n para lograr resultados incre\u00edbles.<\/span><\/p>\n<\/div>\n<div class=\"one_third\">\n<p>M\u00e1s de 150 coaches Ejecutivo Mundial<\/p>\n<p>La Red de Acci\u00f3n incluye m\u00e1s de 150 coaches de ejecutivos de todo el mundo . En la cima de su experiencia como coaches, con su entrenamiento t\u00e9cnico y un amplio recorrido de la industria, nuestros coaches ejecutivos son seleccionados uno a uno de nuestros coaches m\u00e1s veteranos y experimentados. Se comprometen con nuestro programa de entrenamiento intensivo de Coaching Ejecutivo para traerle la mejor calidad posible y metodolog\u00edas de coaching contempor\u00e1neos y los resultados corporativos.<\/p>\n<p>Si quiere acci\u00f3n y quiere resultados, entonces lo invito a descubrir nuestras soluciones y programas de \u00a0&#8220;Fit 4 Action&#8221; \u00a0que podemos personalizar espec\u00edficamente para sus necesidades .<\/p>\n<\/div>\n","protected":false},"excerpt":{"rendered":"","protected":false},"author":1,"featured_media":0,"parent":0,"menu_order":100,"comment_status":"open","ping_status":"closed","template":"page-template-full-width.php","meta":[],"_links":{"self":[{"href":"https:\/\/exec.actioncoachdemexico.com\/index.php?rest_route=\/wp\/v2\/pages\/6"}],"collection":[{"href":"https:\/\/exec.actioncoachdemexico.com\/index.php?rest_route=\/wp\/v2\/pages"}],"about":[{"href":"https:\/\/exec.actioncoachdemexico.com\/index.php?rest_route=\/wp\/v2\/types\/page"}],"author":[{"embeddable":true,"href":"https:\/\/exec.actioncoachdemexico.com\/index.php?rest_route=\/wp\/v2\/users\/1"}],"replies":[{"embeddable":true,"href":"https:\/\/exec.actioncoachdemexico.com\/index.php?rest_route=%2Fwp%2Fv2%2Fcomments&post=6"}],"version-history":[{"count":11,"href":"https:\/\/exec.actioncoachdemexico.com\/index.php?rest_route=\/wp\/v2\/pages\/6\/revisions"}],"predecessor-version":[{"id":73,"href":"https:\/\/exec.actioncoachdemexico.com\/index.php?rest_route=\/wp\/v2\/pages\/6\/revisions\/73"}],"wp:attachment":[{"href":"https:\/\/exec.actioncoachdemexico.com\/index.php?rest_route=%2Fwp%2Fv2%2Fmedia&parent=6"}],"curies":[{"name":"wp","href":"https:\/\/api.w.org\/{rel}","templated":true}]}}